{"id":3,"date":"2024-11-19T08:13:22","date_gmt":"2024-11-19T08:13:22","guid":{"rendered":"https:\/\/gratisvardag.se\/casino-utan-svensk-licens\/?page_id=3"},"modified":"2026-04-24T20:15:12","modified_gmt":"2026-04-24T18:15:12","slug":"integritetspolicy","status":"publish","type":"page","link":"https:\/\/gratisvardag.se\/casino-utan-svensk-licens\/integritetspolicy\/","title":{"rendered":"Privacy Policy"},"content":{"rendered":"\n<h2 class=\"wp-block-heading\">Integritetspolicy<\/h2>\n\n\n\n<p>Den h\u00e4r integritetspolicyn g\u00e4ller hemsidan Gratisvardag.se och eventuella underdom\u00e4ner. Syftet med policyn \u00e4r att informera dig om vilka uppgifter vi samlar in om dig, varf\u00f6r vi g\u00f6r det, hur vi hanterar dina uppgifter samt vilka tredjeparter som vi delar med oss av dessa uppgifter till.<\/p>\n\n\n\n<p>Genom att l\u00e4sa denna policy, och att anv\u00e4nda v\u00e5ra tj\u00e4nster d\u00e4refter, godk\u00e4nner du att dina uppgifter samlas in i enlighet med denna policy. Om du ej godk\u00e4nner policyn s\u00e5 b\u00f6r du inte anv\u00e4nda v\u00e5ra tj\u00e4nster, hemsida eller l\u00e4mna ut n\u00e5gra personliga uppgifter till oss.<\/p>\n\n\n\n<h2 class=\"wp-block-heading\">Vilken personlig data samlar vi in om dig?<\/h2>\n\n\n\n<h3 class=\"wp-block-heading\">Cookies<\/h3>\n\n\n\n<p>Vi anv\u00e4nder cookies p\u00e5 v\u00e5r webbplats f\u00f6r att f\u00f6rst\u00e5 hur v\u00e5ra bes\u00f6kare anv\u00e4nder platsen, samt f\u00f6r att kunna g\u00f6ra upplevelsen b\u00e4ttre f\u00f6r v\u00e5ra anv\u00e4ndare.<\/p>\n\n\n\n<p>S\u00e5 kallade session-cookies \u00e4r textfiler som sparas p\u00e5 din enhet i samband med att du bes\u00f6ker en hemsida, som g\u00f6r att din dator\/mobila enhet kommer ih\u00e5g dina tidigare bes\u00f6k och p\u00e5 s\u00e5 s\u00e4tt kan ladda sidan snabbare n\u00e4r du \u00e5ter bes\u00f6ker den. Dessa cookies sparas i 30 dagar efter det att du bes\u00f6kt v\u00e5r webbplats. Dessa kan enkelt st\u00e4ngas av genom att \u00f6ppna inst\u00e4llningarna f\u00f6r den webbl\u00e4sare du anv\u00e4nder och f\u00f6lja instruktionerna.<\/p>\n\n\n\n<p>F\u00f6rutom sessions-cookies s\u00e5 anv\u00e4nder vi \u00e4ven tredjeparts-cookies. Syftet med dessa \u00e4r att b\u00e4ttre f\u00f6rst\u00e5 hur v\u00e5ra anv\u00e4ndare beter sig p\u00e5 v\u00e5r sajt, och p\u00e5 s\u00e5 s\u00e4tt kunna f\u00f6rb\u00e4ttra v\u00e5r tj\u00e4nst utefter v\u00e5ra bes\u00f6kares behov.<\/p>\n\n\n\n<p>Gratisvardag.se anv\u00e4nder f\u00f6r n\u00e4rvarande f\u00f6ljande tredjehands-cookies p\u00e5 webbplatsen:<\/p>\n\n\n\n<ol class=\"wp-block-list\">\n<li><strong>Google Analytics<\/strong>\u00a0\u2013 Ett verktyg som hj\u00e4lper oss att analysera den trafik som kommer in till v\u00e5r webbplats, och hur de anv\u00e4nder v\u00e5ra tj\u00e4nster. Denna tj\u00e4nst samlar inte in personlig information och kan d\u00e4rf\u00f6r inte avaktiveras direkt p\u00e5 Gratisvardag.se. Du kan d\u00e4remot anv\u00e4nda l\u00e4nken\u00a0<a href=\"https:\/\/tools.google.com\/dlpage\/gaoptout\">https:\/\/tools.google.com\/dlpage\/gaoptout<\/a>\u00a0om du vill neka Google Analytics \u00e5tkomst till din data.<\/li>\n\n\n\n<li><strong>Clicky Analytics<\/strong>\u00a0\u2013 Ett annat verktyg som hj\u00e4lper oss att analysera den trafik som kommer in till v\u00e5r webbplats, och hur v\u00e5ra bes\u00f6kare anv\u00e4nder v\u00e5ra tj\u00e4nster. Denna tj\u00e4nst samlar inte in personlig information och kan d\u00e4rf\u00f6r inte avaktiveras direkt p\u00e5 Gratisvardag.se. Du kan sj\u00e4lv blockera denna cookie genom att bes\u00f6ka\u00a0<a href=\"https:\/\/clicky.com\/optout\">https:\/\/clicky.com\/optout<\/a>.<\/li>\n<\/ol>\n\n\n\n<p>Vi hoppas att du f\u00f6rst\u00e5r att det \u00e4r n\u00f6dv\u00e4ndigt f\u00f6r oss att samla in viss information om dig f\u00f6r att kunna s\u00e4kerst\u00e4lla en bra upplevelse av v\u00e5r sajt. Om du vill radera cookies som redan har sparats p\u00e5 din enhet s\u00e5 kan du sj\u00e4lv ta bort dessa. Detta g\u00f6rs i inst\u00e4llningarna f\u00f6r din webbl\u00e4sare, och metoden varierar beroende p\u00e5 vilken webbl\u00e4sare du anv\u00e4nder. Om du har fr\u00e5gor eller vill ha mer information om dina personliga uppgifter, v\u00e4nligen kontakta info (a) Gratisvardag.se<\/p>\n","protected":false},"excerpt":{"rendered":"<p>Integritetspolicy Den h\u00e4r integritetspolicyn g\u00e4ller hemsidan Gratisvardag.se och eventuella underdom\u00e4ner. Syftet med policyn \u00e4r att informera dig om vilka uppgifter vi samlar in om dig, varf\u00f6r vi g\u00f6r det, hur vi hanterar dina uppgifter samt vilka tredjeparter som vi delar med oss av dessa uppgifter till. Genom att l\u00e4sa denna policy, och att anv\u00e4nda v\u00e5ra &#8230; <a title=\"Privacy Policy\" class=\"read-more\" href=\"https:\/\/gratisvardag.se\/casino-utan-svensk-licens\/integritetspolicy\/\" aria-label=\"L\u00e4s mer om Privacy Policy\">L\u00e4s mer<\/a><\/p>\n","protected":false},"author":1,"featured_media":0,"parent":0,"menu_order":0,"comment_status":"closed","ping_status":"open","template":"","meta":{"footnotes":""},"class_list":["post-3","page","type-page","status-publish"],"yoast_head":"<!-- This site is optimized with the Yoast SEO plugin v24.3 - https:\/\/yoast.com\/wordpress\/plugins\/seo\/ -->\n<title>Integritetspolicy &gt; Gratisvardag.se<\/title>\n<meta name=\"description\" content=\"P\u00e5 denna sida hittar du information om hur vi behandlar dina personuppgifter samt vilka cookies vi anv\u00e4nder.\" \/>\n<meta name=\"robots\" content=\"noindex, follow\" \/>\n<meta property=\"og:locale\" content=\"sv_SE\" \/>\n<meta property=\"og:type\" content=\"article\" \/>\n<meta property=\"og:title\" content=\"Integritetspolicy &gt; Gratisvardag.se\" \/>\n<meta property=\"og:description\" content=\"P\u00e5 denna sida hittar du information om hur vi behandlar dina personuppgifter samt vilka cookies vi anv\u00e4nder.\" \/>\n<meta property=\"og:url\" content=\"https:\/\/gratisvardag.se\/casino-utan-svensk-licens\/integritetspolicy\/\" \/>\n<meta property=\"og:site_name\" content=\"Gratisvardag.se\" \/>\n<meta property=\"article:modified_time\" content=\"2026-04-24T18:15:12+00:00\" \/>\n<meta name=\"twitter:card\" content=\"summary_large_image\" \/>\n<meta name=\"twitter:label1\" content=\"Ber\u00e4knad l\u00e4stid\" \/>\n\t<meta name=\"twitter:data1\" content=\"3 minuter\" \/>\n<script type=\"application\/ld+json\" class=\"yoast-schema-graph\">{\"@context\":\"https:\/\/schema.org\",\"@graph\":[{\"@type\":\"WebPage\",\"@id\":\"https:\/\/gratisvardag.se\/casino-utan-svensk-licens\/integritetspolicy\/\",\"url\":\"https:\/\/gratisvardag.se\/casino-utan-svensk-licens\/integritetspolicy\/\",\"name\":\"Integritetspolicy > Gratisvardag.se\",\"isPartOf\":{\"@id\":\"https:\/\/gratisvardag.se\/casino-utan-svensk-licens\/#website\"},\"datePublished\":\"2024-11-19T08:13:22+00:00\",\"dateModified\":\"2026-04-24T18:15:12+00:00\",\"description\":\"P\u00e5 denna sida hittar du information om hur vi behandlar dina personuppgifter samt vilka cookies vi anv\u00e4nder.\",\"breadcrumb\":{\"@id\":\"https:\/\/gratisvardag.se\/casino-utan-svensk-licens\/integritetspolicy\/#breadcrumb\"},\"inLanguage\":\"sv-SE\",\"potentialAction\":[{\"@type\":\"ReadAction\",\"target\":[\"https:\/\/gratisvardag.se\/casino-utan-svensk-licens\/integritetspolicy\/\"]}]},{\"@type\":\"BreadcrumbList\",\"@id\":\"https:\/\/gratisvardag.se\/casino-utan-svensk-licens\/integritetspolicy\/#breadcrumb\",\"itemListElement\":[{\"@type\":\"ListItem\",\"position\":1,\"name\":\"Home\",\"item\":\"https:\/\/gratisvardag.se\/casino-utan-svensk-licens\/\"},{\"@type\":\"ListItem\",\"position\":2,\"name\":\"Privacy Policy\"}]},{\"@type\":\"WebSite\",\"@id\":\"https:\/\/gratisvardag.se\/casino-utan-svensk-licens\/#website\",\"url\":\"https:\/\/gratisvardag.se\/casino-utan-svensk-licens\/\",\"name\":\"CasinoUtanSvenskLicens.re\",\"description\":\"\",\"publisher\":{\"@id\":\"https:\/\/gratisvardag.se\/casino-utan-svensk-licens\/#organization\"},\"potentialAction\":[{\"@type\":\"SearchAction\",\"target\":{\"@type\":\"EntryPoint\",\"urlTemplate\":\"https:\/\/gratisvardag.se\/casino-utan-svensk-licens\/?s={search_term_string}\"},\"query-input\":{\"@type\":\"PropertyValueSpecification\",\"valueRequired\":true,\"valueName\":\"search_term_string\"}}],\"inLanguage\":\"sv-SE\"},{\"@type\":\"Organization\",\"@id\":\"https:\/\/gratisvardag.se\/casino-utan-svensk-licens\/#organization\",\"name\":\"CUSL.re\",\"url\":\"https:\/\/gratisvardag.se\/casino-utan-svensk-licens\/\",\"logo\":{\"@type\":\"ImageObject\",\"inLanguage\":\"sv-SE\",\"@id\":\"https:\/\/gratisvardag.se\/casino-utan-svensk-licens\/#\/schema\/logo\/image\/\",\"url\":\"https:\/\/gratisvardag.se\/casino-utan-svensk-licens\/wp-content\/uploads\/2025\/02\/cropped-logo.png\",\"contentUrl\":\"https:\/\/gratisvardag.se\/casino-utan-svensk-licens\/wp-content\/uploads\/2025\/02\/cropped-logo.png\",\"width\":282,\"height\":36,\"caption\":\"CUSL.re\"},\"image\":{\"@id\":\"https:\/\/gratisvardag.se\/casino-utan-svensk-licens\/#\/schema\/logo\/image\/\"}}]}<\/script>\n<!-- \/ Yoast SEO plugin. -->","yoast_head_json":{"title":"Integritetspolicy > Gratisvardag.se","description":"P\u00e5 denna sida hittar du information om hur vi behandlar dina personuppgifter samt vilka cookies vi anv\u00e4nder.","robots":{"index":"noindex","follow":"follow"},"og_locale":"sv_SE","og_type":"article","og_title":"Integritetspolicy > Gratisvardag.se","og_description":"P\u00e5 denna sida hittar du information om hur vi behandlar dina personuppgifter samt vilka cookies vi anv\u00e4nder.","og_url":"https:\/\/gratisvardag.se\/casino-utan-svensk-licens\/integritetspolicy\/","og_site_name":"Gratisvardag.se","article_modified_time":"2026-04-24T18:15:12+00:00","twitter_card":"summary_large_image","twitter_misc":{"Ber\u00e4knad l\u00e4stid":"3 minuter"},"schema":{"@context":"https:\/\/schema.org","@graph":[{"@type":"WebPage","@id":"https:\/\/gratisvardag.se\/casino-utan-svensk-licens\/integritetspolicy\/","url":"https:\/\/gratisvardag.se\/casino-utan-svensk-licens\/integritetspolicy\/","name":"Integritetspolicy > Gratisvardag.se","isPartOf":{"@id":"https:\/\/gratisvardag.se\/casino-utan-svensk-licens\/#website"},"datePublished":"2024-11-19T08:13:22+00:00","dateModified":"2026-04-24T18:15:12+00:00","description":"P\u00e5 denna sida hittar du information om hur vi behandlar dina personuppgifter samt vilka cookies vi anv\u00e4nder.","breadcrumb":{"@id":"https:\/\/gratisvardag.se\/casino-utan-svensk-licens\/integritetspolicy\/#breadcrumb"},"inLanguage":"sv-SE","potentialAction":[{"@type":"ReadAction","target":["https:\/\/gratisvardag.se\/casino-utan-svensk-licens\/integritetspolicy\/"]}]},{"@type":"BreadcrumbList","@id":"https:\/\/gratisvardag.se\/casino-utan-svensk-licens\/integritetspolicy\/#breadcrumb","itemListElement":[{"@type":"ListItem","position":1,"name":"Home","item":"https:\/\/gratisvardag.se\/casino-utan-svensk-licens\/"},{"@type":"ListItem","position":2,"name":"Privacy Policy"}]},{"@type":"WebSite","@id":"https:\/\/gratisvardag.se\/casino-utan-svensk-licens\/#website","url":"https:\/\/gratisvardag.se\/casino-utan-svensk-licens\/","name":"CasinoUtanSvenskLicens.re","description":"","publisher":{"@id":"https:\/\/gratisvardag.se\/casino-utan-svensk-licens\/#organization"},"potentialAction":[{"@type":"SearchAction","target":{"@type":"EntryPoint","urlTemplate":"https:\/\/gratisvardag.se\/casino-utan-svensk-licens\/?s={search_term_string}"},"query-input":{"@type":"PropertyValueSpecification","valueRequired":true,"valueName":"search_term_string"}}],"inLanguage":"sv-SE"},{"@type":"Organization","@id":"https:\/\/gratisvardag.se\/casino-utan-svensk-licens\/#organization","name":"CUSL.re","url":"https:\/\/gratisvardag.se\/casino-utan-svensk-licens\/","logo":{"@type":"ImageObject","inLanguage":"sv-SE","@id":"https:\/\/gratisvardag.se\/casino-utan-svensk-licens\/#\/schema\/logo\/image\/","url":"https:\/\/gratisvardag.se\/casino-utan-svensk-licens\/wp-content\/uploads\/2025\/02\/cropped-logo.png","contentUrl":"https:\/\/gratisvardag.se\/casino-utan-svensk-licens\/wp-content\/uploads\/2025\/02\/cropped-logo.png","width":282,"height":36,"caption":"CUSL.re"},"image":{"@id":"https:\/\/gratisvardag.se\/casino-utan-svensk-licens\/#\/schema\/logo\/image\/"}}]}},"_links":{"self":[{"href":"https:\/\/gratisvardag.se\/casino-utan-svensk-licens\/wp-json\/wp\/v2\/pages\/3","targetHints":{"allow":["GET"]}}],"collection":[{"href":"https:\/\/gratisvardag.se\/casino-utan-svensk-licens\/wp-json\/wp\/v2\/pages"}],"about":[{"href":"https:\/\/gratisvardag.se\/casino-utan-svensk-licens\/wp-json\/wp\/v2\/types\/page"}],"author":[{"embeddable":true,"href":"https:\/\/gratisvardag.se\/casino-utan-svensk-licens\/wp-json\/wp\/v2\/users\/1"}],"replies":[{"embeddable":true,"href":"https:\/\/gratisvardag.se\/casino-utan-svensk-licens\/wp-json\/wp\/v2\/comments?post=3"}],"version-history":[{"count":3,"href":"https:\/\/gratisvardag.se\/casino-utan-svensk-licens\/wp-json\/wp\/v2\/pages\/3\/revisions"}],"predecessor-version":[{"id":203,"href":"https:\/\/gratisvardag.se\/casino-utan-svensk-licens\/wp-json\/wp\/v2\/pages\/3\/revisions\/203"}],"wp:attachment":[{"href":"https:\/\/gratisvardag.se\/casino-utan-svensk-licens\/wp-json\/wp\/v2\/media?parent=3"}],"curies":[{"name":"wp","href":"https:\/\/api.w.org\/{rel}","templated":true}]}}